{"id":13629,"date":"2024-03-01T13:28:03","date_gmt":"2024-03-01T12:28:03","guid":{"rendered":"https:\/\/crescendobrands.com\/?page_id=13629"},"modified":"2026-04-19T13:51:07","modified_gmt":"2026-04-19T11:51:07","slug":"brand-expression","status":"publish","type":"page","link":"https:\/\/crescendobrands.com\/es\/home\/brand-expression\/","title":{"rendered":"Expresi\u00f3n de la marca"},"content":{"rendered":"<div data-elementor-type=\"wp-page\" data-elementor-id=\"13629\" class=\"elementor elementor-13629\">\n\t\t\t\t<div class=\"elementor-element elementor-element-a13ba74 e-con-full e-flex e-con e-parent\" data-id=\"a13ba74\" data-element_type=\"container\" data-e-type=\"container\" data-settings=\"{&quot;background_background&quot;:&quot;classic&quot;}\">\n\t\t\t\t<div class=\"elementor-element elementor-element-c41e2d1 elementor-widget elementor-widget-text-editor\" data-id=\"c41e2d1\" data-element_type=\"widget\" data-e-type=\"widget\" data-widget_type=\"text-editor.default\">\n\t\t\t\t<div class=\"elementor-widget-container\">\n\t\t\t\t\t\t\t\t\t<h1><span style=\"color: #ffffff;\">Expresi\u00f3n de la marca<\/span><\/h1>\t\t\t\t\t\t\t\t<\/div>\n\t\t\t\t<\/div>\n\t\t\t\t<div class=\"elementor-element elementor-element-136b472 elementor-widget elementor-widget-text-editor\" data-id=\"136b472\" data-element_type=\"widget\" data-e-type=\"widget\" data-widget_type=\"text-editor.default\">\n\t\t\t\t<div class=\"elementor-widget-container\">\n\t\t\t\t\t\t\t\t\t<h3><span style=\"color: #ffffff;\">\u00a1QUE BRILLEN LAS MARCAS!<\/span><\/h3>\t\t\t\t\t\t\t\t<\/div>\n\t\t\t\t<\/div>\n\t\t\t\t<\/div>\n\t\t<div class=\"elementor-element elementor-element-c4b5acb e-flex e-con-boxed e-con e-parent\" data-id=\"c4b5acb\" data-element_type=\"container\" data-e-type=\"container\">\n\t\t\t\t\t<div class=\"e-con-inner\">\n\t\t\t\t\t<\/div>\n\t\t\t\t<\/div>\n\t\t<div class=\"elementor-element elementor-element-1a73631 e-flex e-con-boxed e-con e-parent\" data-id=\"1a73631\" data-element_type=\"container\" data-e-type=\"container\">\n\t\t\t\t\t<div class=\"e-con-inner\">\n\t\t<div class=\"elementor-element elementor-element-d22d053 e-con-full e-flex e-con e-child\" data-id=\"d22d053\" data-element_type=\"container\" data-e-type=\"container\">\n\t\t\t\t<div class=\"elementor-element elementor-element-6c8ac32 elementor-widget elementor-widget-text-editor\" data-id=\"6c8ac32\" data-element_type=\"widget\" data-e-type=\"widget\" data-widget_type=\"text-editor.default\">\n\t\t\t\t<div class=\"elementor-widget-container\">\n\t\t\t\t\t\t\t\t\t<p class=\"p1\">Optimizamos la coherencia entre imagen, mensaje y producto para mostrar lo mejor de las marcas.<\/p>\t\t\t\t\t\t\t\t<\/div>\n\t\t\t\t<\/div>\n\t\t\t\t<div class=\"elementor-element elementor-element-66986ca elementor-widget elementor-widget-heading\" data-id=\"66986ca\" data-element_type=\"widget\" data-e-type=\"widget\" data-widget_type=\"heading.default\">\n\t\t\t\t<div class=\"elementor-widget-container\">\n\t\t\t\t\t<h2 class=\"elementor-heading-title elementor-size-default\">Confecci\u00f3n\ncorrecta<\/h2>\t\t\t\t<\/div>\n\t\t\t\t<\/div>\n\t\t\t\t<div class=\"elementor-element elementor-element-bedd21b elementor-widget elementor-widget-text-editor\" data-id=\"bedd21b\" data-element_type=\"widget\" data-e-type=\"widget\" data-widget_type=\"text-editor.default\">\n\t\t\t\t<div class=\"elementor-widget-container\">\n\t\t\t\t\t\t\t\t\t<p>La expresi\u00f3n de la marca requiere que las informaciones, la identidad y los productos se alineen y armonizen.<\/p><p>La expresi\u00f3n de la marca requiere que las informaciones, la identidad y los productos se alineen y armonizen. Suena sencillo, pero conseguirlo y mantenerlo necesita inspiraci\u00f3n, disciplina y rigor. Para la mayor\u00eda de las marcas, mantener las apariencias es un objetivo en constante movimiento.<\/p><p>Ayudamos a las marcas a centrarse en lo que m\u00e1s importa con nuestra competencia en la <a title=\"Comunicaci\u00f3n\" href=\"https:\/\/crescendobrands.com\/es\/home\/communication\/\">comunicaci\u00f3n,<\/a> identidad verbal\/visual y optimizaci\u00f3n de gamas. Buscamos sinergias, estrategias y diamantes en bruto, y dise\u00f1amos soluciones elegantes que refuerzan la presencia y agilizan el rendimiento.<\/p><p>Aportamos conocimientos internacionales respaldado por tres d\u00e9cadas en los sectores moda, lujo y lifestyle para ayudar a las marcas a superar sus l\u00edmites y obst\u00e1culos que impiden el desarrollo y crecimiento.<\/p>\t\t\t\t\t\t\t\t<\/div>\n\t\t\t\t<\/div>\n\t\t\t\t<div class=\"elementor-element elementor-element-cf52211 elementor-widget elementor-widget-spacer\" data-id=\"cf52211\" data-element_type=\"widget\" data-e-type=\"widget\" data-widget_type=\"spacer.default\">\n\t\t\t\t<div class=\"elementor-widget-container\">\n\t\t\t\t\t\t\t<div class=\"elementor-spacer\">\n\t\t\t<div class=\"elementor-spacer-inner\"><\/div>\n\t\t<\/div>\n\t\t\t\t\t\t<\/div>\n\t\t\t\t<\/div>\n\t\t\t\t<\/div>\n\t\t<div class=\"elementor-element elementor-element-3e13ec2 e-con-full e-flex e-con e-child\" data-id=\"3e13ec2\" data-element_type=\"container\" data-e-type=\"container\">\n\t\t\t\t<div class=\"elementor-element elementor-element-e401e91 elementor-widget__width-initial elementor-arrows-position-inside elementor-widget elementor-widget-image-carousel\" data-id=\"e401e91\" data-element_type=\"widget\" data-e-type=\"widget\" data-settings=\"{&quot;slides_to_show&quot;:&quot;1&quot;,&quot;navigation&quot;:&quot;arrows&quot;,&quot;autoplay&quot;:&quot;yes&quot;,&quot;pause_on_hover&quot;:&quot;yes&quot;,&quot;pause_on_interaction&quot;:&quot;yes&quot;,&quot;autoplay_speed&quot;:5000,&quot;infinite&quot;:&quot;yes&quot;,&quot;effect&quot;:&quot;slide&quot;,&quot;speed&quot;:500}\" data-widget_type=\"image-carousel.default\">\n\t\t\t\t<div class=\"elementor-widget-container\">\n\t\t\t\t\t\t\t<div class=\"elementor-image-carousel-wrapper swiper\" role=\"region\" aria-roledescription=\"carousel\" aria-label=\"Image Carousel\" dir=\"ltr\">\n\t\t\t<div class=\"elementor-image-carousel swiper-wrapper swiper-image-stretch\" aria-live=\"off\">\n\t\t\t\t\t\t\t\t<div class=\"swiper-slide\" role=\"group\" aria-roledescription=\"slide\" aria-label=\"1 de 6\"><figure class=\"swiper-slide-inner\"><img decoding=\"async\" class=\"swiper-slide-image\" src=\"https:\/\/crescendobrands.com\/wp-content\/uploads\/2025\/03\/Crescendo-Brands-Expression-Montegrappa-Style.jpeg\" alt=\"Montegrappa Expression\" \/><\/figure><\/div><div class=\"swiper-slide\" role=\"group\" aria-roledescription=\"slide\" aria-label=\"2 de 6\"><figure class=\"swiper-slide-inner\"><img decoding=\"async\" class=\"swiper-slide-image\" src=\"https:\/\/crescendobrands.com\/wp-content\/uploads\/2025\/03\/Crescendo-Brands-Expression-The-Ocean-Race-Eyewear.jpeg\" alt=\"Eyewear for The Ocean Race\" \/><\/figure><\/div><div class=\"swiper-slide\" role=\"group\" aria-roledescription=\"slide\" aria-label=\"3 de 6\"><figure class=\"swiper-slide-inner\"><img decoding=\"async\" class=\"swiper-slide-image\" src=\"https:\/\/crescendobrands.com\/wp-content\/uploads\/2025\/03\/Crescendo-Brands-Expression-Montegrappa-Values.jpeg\" alt=\"Montegrappa Values\" \/><\/figure><\/div><div class=\"swiper-slide\" role=\"group\" aria-roledescription=\"slide\" aria-label=\"4 de 6\"><figure class=\"swiper-slide-inner\"><img decoding=\"async\" class=\"swiper-slide-image\" src=\"https:\/\/crescendobrands.com\/wp-content\/uploads\/2025\/03\/Crescendo-Brands-Expression-Volvo-Ocean-Race-Sales-Pack-.jpeg\" alt=\"Volvo Ocean Race Sales Pack\" \/><\/figure><\/div><div class=\"swiper-slide\" role=\"group\" aria-roledescription=\"slide\" aria-label=\"5 de 6\"><figure class=\"swiper-slide-inner\"><img decoding=\"async\" class=\"swiper-slide-image\" src=\"https:\/\/crescendobrands.com\/wp-content\/uploads\/2025\/03\/Crescendo-Brands-Expression-Montegrappa-Savoir-Faire.jpeg\" alt=\"Montegrappa Savoir Faire\" \/><\/figure><\/div><div class=\"swiper-slide\" role=\"group\" aria-roledescription=\"slide\" aria-label=\"6 de 6\"><figure class=\"swiper-slide-inner\"><img decoding=\"async\" class=\"swiper-slide-image\" src=\"https:\/\/crescendobrands.com\/wp-content\/uploads\/2025\/03\/Crescendo-Brands-Expression-The-Ocean-Race-Ocean-Bottle.jpeg\" alt=\"The Ocean Race bottle\" \/><\/figure><\/div>\t\t\t<\/div>\n\t\t\t\t\t\t\t\t\t\t\t\t<div class=\"elementor-swiper-button elementor-swiper-button-prev\" role=\"button\" tabindex=\"0\">\n\t\t\t\t\t\t<svg aria-hidden=\"true\" class=\"e-font-icon-svg e-eicon-chevron-left\" viewbox=\"0 0 1000 1000\" xmlns=\"http:\/\/www.w3.org\/2000\/svg\"><path d=\"M646 125C629 125 613 133 604 142L308 442C296 454 292 471 292 487 292 504 296 521 308 533L604 854C617 867 629 875 646 875 663 875 679 871 692 858 704 846 713 829 713 812 713 796 708 779 692 767L438 487 692 225C700 217 708 204 708 187 708 171 704 154 692 142 675 129 663 125 646 125Z\"><\/path><\/svg>\t\t\t\t\t<\/div>\n\t\t\t\t\t<div class=\"elementor-swiper-button elementor-swiper-button-next\" role=\"button\" tabindex=\"0\">\n\t\t\t\t\t\t<svg aria-hidden=\"true\" class=\"e-font-icon-svg e-eicon-chevron-right\" viewbox=\"0 0 1000 1000\" xmlns=\"http:\/\/www.w3.org\/2000\/svg\"><path d=\"M696 533C708 521 713 504 713 487 713 471 708 454 696 446L400 146C388 133 375 125 354 125 338 125 325 129 313 142 300 154 292 171 292 187 292 204 296 221 308 233L563 492 304 771C292 783 288 800 288 817 288 833 296 850 308 863 321 871 338 875 354 875 371 875 388 867 400 854L696 533Z\"><\/path><\/svg>\t\t\t\t\t<\/div>\n\t\t\t\t\n\t\t\t\t\t\t\t\t\t<\/div>\n\t\t\t\t\t\t<\/div>\n\t\t\t\t<\/div>\n\t\t\t\t<\/div>\n\t\t\t\t\t<\/div>\n\t\t\t\t<\/div>\n\t\t<div class=\"elementor-element elementor-element-f72d271 e-flex e-con-boxed e-con e-parent\" data-id=\"f72d271\" data-element_type=\"container\" data-e-type=\"container\">\n\t\t\t\t\t<div class=\"e-con-inner\">\n\t\t\t\t\t<\/div>\n\t\t\t\t<\/div>\n\t\t<div class=\"elementor-element elementor-element-eb4d67f e-flex e-con-boxed e-con e-parent\" data-id=\"eb4d67f\" data-element_type=\"container\" data-e-type=\"container\" data-settings=\"{&quot;background_background&quot;:&quot;classic&quot;}\">\n\t\t\t\t\t<div class=\"e-con-inner\">\n\t\t\t\t<div class=\"elementor-element elementor-element-f6b4e59 elementor-widget__width-inherit elementor-widget elementor-widget-text-editor\" data-id=\"f6b4e59\" data-element_type=\"widget\" data-e-type=\"widget\" data-widget_type=\"text-editor.default\">\n\t\t\t\t<div class=\"elementor-widget-container\">\n\t\t\t\t\t\t\t\t\t<h5>Evaluamos la expresi\u00f3n para descubrir valor en lugares donde otros se olvidan de buscar.<\/h5>\t\t\t\t\t\t\t\t<\/div>\n\t\t\t\t<\/div>\n\t\t\t\t\t<\/div>\n\t\t\t\t<\/div>\n\t\t<div class=\"elementor-element elementor-element-51d72f9 e-flex e-con-boxed e-con e-parent\" data-id=\"51d72f9\" data-element_type=\"container\" data-e-type=\"container\">\n\t\t\t\t\t<div class=\"e-con-inner\">\n\t\t\t\t\t<\/div>\n\t\t\t\t<\/div>\n\t\t<div class=\"elementor-element elementor-element-0491da5 e-flex e-con-boxed e-con e-parent\" data-id=\"0491da5\" data-element_type=\"container\" data-e-type=\"container\">\n\t\t\t\t\t<div class=\"e-con-inner\">\n\t\t<div class=\"elementor-element elementor-element-9e284d1 e-con-full e-flex e-con e-child\" data-id=\"9e284d1\" data-element_type=\"container\" data-e-type=\"container\">\n\t\t\t\t<div class=\"elementor-element elementor-element-cd71808 elementor-widget elementor-widget-text-editor\" data-id=\"cd71808\" data-element_type=\"widget\" data-e-type=\"widget\" data-widget_type=\"text-editor.default\">\n\t\t\t\t<div class=\"elementor-widget-container\">\n\t\t\t\t\t\t\t\t\t<p>Las marcas necesitan agilidad y vigilancia para sostener su relevancia. A todos le viene bien un par de manos extra.<\/p>\t\t\t\t\t\t\t\t<\/div>\n\t\t\t\t<\/div>\n\t\t\t\t<div class=\"elementor-element elementor-element-97a5375 elementor-widget elementor-widget-heading\" data-id=\"97a5375\" data-element_type=\"widget\" data-e-type=\"widget\" data-widget_type=\"heading.default\">\n\t\t\t\t<div class=\"elementor-widget-container\">\n\t\t\t\t\t<h2 class=\"elementor-heading-title elementor-size-default\">Relevancia al mercado<\/h2>\t\t\t\t<\/div>\n\t\t\t\t<\/div>\n\t\t\t\t<div class=\"elementor-element elementor-element-84605ed elementor-widget elementor-widget-text-editor\" data-id=\"84605ed\" data-element_type=\"widget\" data-e-type=\"widget\" data-widget_type=\"text-editor.default\">\n\t\t\t\t<div class=\"elementor-widget-container\">\n\t\t\t\t\t\t\t\t\t<p>El tr\u00e1fico diario en los mercados dificulta el mantenimiento de las marcas.\u00a0<\/p><p>Por este motivo, proporcionamos a sus propietarios an\u00e1lisis, conocimiento internacional y rigor profesional para eliminar omisiones e imperfecciones y captar las oportunidades estrat\u00e9gicas. Servicios personalizados como nuestro <a title=\"Service Package - your etiquette guide for effective brand expression\" href=\"https:\/\/crescendobrands.com\/wp-content\/uploads\/2026\/04\/Crescendo-Brands-Service-\u2013-Personality-Playbook.pdf\" target=\"_blank\" rel=\"noopener\">Personality Playbook<\/a>\u00a0proponen\u00a0<span style=\"font-size: 1rem;\">normas de lenguaje, conducta y tono, y adaptan los mensajes y las acciones a las necesidades de<\/span><span style=\"font-size: 1rem;\">\u00a0<\/span><span style=\"font-size: 1rem;\">cada grupo de usuarios clave.\u00a0<\/span><\/p><p>Detectamos anomal\u00edas y dise\u00f1amos soluciones para una expresi\u00f3n de la marca relevante y elegante. Donde otros s\u00f3lo observan ruido, encontramos sinergias y pelda\u00f1os. Creemos que las marcas son viajes. \u00bfPor qu\u00e9 caminar hacia el futuro cuando se puede planear?<\/p><p>Para las marcas menos omnipotentes, un ojo agudo, una mente incisiva y un par de manos extra pueden marcar la gran diferencia. P\u00f3ngase <span style=\"color: #9a845e;\"><a style=\"color: #9a845e;\" title=\"CONTACTO\" href=\"https:\/\/crescendobrands.com\/es\/contact\/\">en contacto<\/a><\/span> para conocer a su pr\u00f3ximo mejor aliado.<\/p>\t\t\t\t\t\t\t\t<\/div>\n\t\t\t\t<\/div>\n\t\t\t\t<\/div>\n\t\t<div class=\"elementor-element elementor-element-fbdd35c e-con-full e-flex e-con e-child\" data-id=\"fbdd35c\" data-element_type=\"container\" data-e-type=\"container\">\n\t\t\t\t<div class=\"elementor-element elementor-element-b86c3d0 elementor-widget__width-initial elementor-arrows-position-inside elementor-widget elementor-widget-image-carousel\" data-id=\"b86c3d0\" data-element_type=\"widget\" data-e-type=\"widget\" data-settings=\"{&quot;slides_to_show&quot;:&quot;1&quot;,&quot;navigation&quot;:&quot;arrows&quot;,&quot;autoplay&quot;:&quot;yes&quot;,&quot;pause_on_hover&quot;:&quot;yes&quot;,&quot;pause_on_interaction&quot;:&quot;yes&quot;,&quot;autoplay_speed&quot;:5000,&quot;infinite&quot;:&quot;yes&quot;,&quot;effect&quot;:&quot;slide&quot;,&quot;speed&quot;:500}\" data-widget_type=\"image-carousel.default\">\n\t\t\t\t<div class=\"elementor-widget-container\">\n\t\t\t\t\t\t\t<div class=\"elementor-image-carousel-wrapper swiper\" role=\"region\" aria-roledescription=\"carousel\" aria-label=\"Image Carousel\" dir=\"ltr\">\n\t\t\t<div class=\"elementor-image-carousel swiper-wrapper swiper-image-stretch\" aria-live=\"off\">\n\t\t\t\t\t\t\t\t<div class=\"swiper-slide\" role=\"group\" aria-roledescription=\"slide\" aria-label=\"1 de 6\"><figure class=\"swiper-slide-inner\"><img decoding=\"async\" class=\"swiper-slide-image\" src=\"https:\/\/crescendobrands.com\/wp-content\/uploads\/2025\/03\/Crescendo-Brands-Expression-Prada-Luna-Rossa.jpeg\" alt=\"Luna Rossa Prada Pirelli Team\" \/><\/figure><\/div><div class=\"swiper-slide\" role=\"group\" aria-roledescription=\"slide\" aria-label=\"2 de 6\"><figure class=\"swiper-slide-inner\"><img decoding=\"async\" class=\"swiper-slide-image\" src=\"https:\/\/crescendobrands.com\/wp-content\/uploads\/2025\/03\/Crescendo-Brands-Expression-Montegrappa-Booklet.jpeg\" alt=\"Montegrappa Brand Booklet\" \/><\/figure><\/div><div class=\"swiper-slide\" role=\"group\" aria-roledescription=\"slide\" aria-label=\"3 de 6\"><figure class=\"swiper-slide-inner\"><img decoding=\"async\" class=\"swiper-slide-image\" src=\"https:\/\/crescendobrands.com\/wp-content\/uploads\/2025\/03\/Crescendo-Brands-Expression-Americas-Cup-North-Sails.jpeg\" alt=\"36th America&#039;s Cup by North Sails\" \/><\/figure><\/div><div class=\"swiper-slide\" role=\"group\" aria-roledescription=\"slide\" aria-label=\"4 de 6\"><figure class=\"swiper-slide-inner\"><img decoding=\"async\" class=\"swiper-slide-image\" src=\"https:\/\/crescendobrands.com\/wp-content\/uploads\/2025\/03\/Crescendo-Brands-Expression-Prada-Luna-Rossa-Eyewear.jpeg\" alt=\"Luna Rossa Prada Pirelli Team\" \/><\/figure><\/div><div class=\"swiper-slide\" role=\"group\" aria-roledescription=\"slide\" aria-label=\"5 de 6\"><figure class=\"swiper-slide-inner\"><img decoding=\"async\" class=\"swiper-slide-image\" src=\"https:\/\/crescendobrands.com\/wp-content\/uploads\/2025\/03\/Crescendo-Brands-Expression-Montegrappa-007.jpeg\" alt=\"James Bond by Montegrappa\" \/><\/figure><\/div><div class=\"swiper-slide\" role=\"group\" aria-roledescription=\"slide\" aria-label=\"6 de 6\"><figure class=\"swiper-slide-inner\"><img decoding=\"async\" class=\"swiper-slide-image\" src=\"https:\/\/crescendobrands.com\/wp-content\/uploads\/2025\/03\/Crescendo-Brands-Expression-Americas-Cup-Collection.jpeg\" alt=\"36th America&#039;s Cup private label\" \/><\/figure><\/div>\t\t\t<\/div>\n\t\t\t\t\t\t\t\t\t\t\t\t<div class=\"elementor-swiper-button elementor-swiper-button-prev\" role=\"button\" tabindex=\"0\">\n\t\t\t\t\t\t<svg aria-hidden=\"true\" class=\"e-font-icon-svg e-eicon-chevron-left\" viewbox=\"0 0 1000 1000\" xmlns=\"http:\/\/www.w3.org\/2000\/svg\"><path d=\"M646 125C629 125 613 133 604 142L308 442C296 454 292 471 292 487 292 504 296 521 308 533L604 854C617 867 629 875 646 875 663 875 679 871 692 858 704 846 713 829 713 812 713 796 708 779 692 767L438 487 692 225C700 217 708 204 708 187 708 171 704 154 692 142 675 129 663 125 646 125Z\"><\/path><\/svg>\t\t\t\t\t<\/div>\n\t\t\t\t\t<div class=\"elementor-swiper-button elementor-swiper-button-next\" role=\"button\" tabindex=\"0\">\n\t\t\t\t\t\t<svg aria-hidden=\"true\" class=\"e-font-icon-svg e-eicon-chevron-right\" viewbox=\"0 0 1000 1000\" xmlns=\"http:\/\/www.w3.org\/2000\/svg\"><path d=\"M696 533C708 521 713 504 713 487 713 471 708 454 696 446L400 146C388 133 375 125 354 125 338 125 325 129 313 142 300 154 292 171 292 187 292 204 296 221 308 233L563 492 304 771C292 783 288 800 288 817 288 833 296 850 308 863 321 871 338 875 354 875 371 875 388 867 400 854L696 533Z\"><\/path><\/svg>\t\t\t\t\t<\/div>\n\t\t\t\t\n\t\t\t\t\t\t\t\t\t<\/div>\n\t\t\t\t\t\t<\/div>\n\t\t\t\t<\/div>\n\t\t\t\t<\/div>\n\t\t\t\t\t<\/div>\n\t\t\t\t<\/div>\n\t\t<div class=\"elementor-element elementor-element-846cd1c e-flex e-con-boxed e-con e-parent\" data-id=\"846cd1c\" data-element_type=\"container\" data-e-type=\"container\">\n\t\t\t\t\t<div class=\"e-con-inner\">\n\t\t\t\t<div class=\"elementor-element elementor-element-720beeb elementor-widget-divider--view-line elementor-widget elementor-widget-divider\" data-id=\"720beeb\" data-element_type=\"widget\" data-e-type=\"widget\" data-widget_type=\"divider.default\">\n\t\t\t\t<div class=\"elementor-widget-container\">\n\t\t\t\t\t\t\t<div class=\"elementor-divider\">\n\t\t\t<span class=\"elementor-divider-separator\">\n\t\t\t\t\t\t<\/span>\n\t\t<\/div>\n\t\t\t\t\t\t<\/div>\n\t\t\t\t<\/div>\n\t\t<div class=\"elementor-element elementor-element-161a1d3 e-con-full e-flex e-con e-child\" data-id=\"161a1d3\" data-element_type=\"container\" data-e-type=\"container\">\n\t\t<div class=\"elementor-element elementor-element-f1c088b e-con-full e-flex e-con e-child\" data-id=\"f1c088b\" data-element_type=\"container\" data-e-type=\"container\">\n\t\t\t\t<div class=\"elementor-element elementor-element-4070685 eael-flipbox-content-align-center eael-flipbox-img-default elementor-widget elementor-widget-eael-flip-box\" data-id=\"4070685\" data-element_type=\"widget\" data-e-type=\"widget\" data-widget_type=\"eael-flip-box.default\">\n\t\t\t\t<div class=\"elementor-widget-container\">\n\t\t\t\t\t        <div class=\"eael-elements-flip-box-container eael-animate-flip eael-animate-left eael-content eael-flip-box-hover eael-flipbox-fixed-height eael-flipbox-dynamic\">\n\n            <a class=\"eael-elements-flip-box-flip-card\" href=\"https:\/\/crescendobrands.com\/wp-content\/uploads\/2026\/04\/Crescendo-Brands-Service-\u2013-Personality-Playbook.pdf\" target=\"_blank\">\n                <div class=\"eael-elements-flip-box-front-container\">\n                    \n                    \n                        <div class=\"eael-elements-slider-display-table\">\n                            <div class=\"eael-elements-flip-box-vertical-align\">\n                                <div class=\"eael-elements-flip-box-padding\">\n                                    <div class=\"eael-elements-flip-box-icon-image\">\n                                                                                    <img decoding=\"async\" class=\"eael-flipbox-image-as-icon\" src=\"\" alt=\"\">\n                                                                            <\/div>\n                                    <h5 class=\"eael-elements-flip-box-heading\">PERSONALITY PLAYBOOK<\/h5>                                    <div class=\"eael-elements-flip-box-content\">\n\t                                    <p>~ SERVICE PACKAGE ~<\/p>                                    <\/div>\n                                <\/div>\n                            <\/div>\n                        <\/div>\n                                    <\/div>\n\n                <div class=\"eael-elements-flip-box-rear-container\">\n                                                                <div class=\"eael-elements-slider-display-table\">\n                            <div class=\"eael-elements-flip-box-vertical-align\">\n                                <div class=\"eael-elements-flip-box-padding\">\n                                                                            <div class=\"eael-elements-flip-box-icon-image\">\n                                                                                            <img decoding=\"async\" class=\"eael-flipbox-image-as-icon\" src=\"https:\/\/crescendobrands.com\/wp-content\/uploads\/2025\/10\/icon_download_1.png\" alt=\"Download icon\">\n                                                                                    <\/div>\n                                                                                                            <div class=\"eael-elements-flip-box-content\">\n                                                                            <\/div>\n\n                                                                    <\/div>\n                            <\/div>\n                        <\/div>\n                                    <\/div>\n            <\/a>\n        <\/div>\n        \t\t\t\t<\/div>\n\t\t\t\t<\/div>\n\t\t\t\t<\/div>\n\t\t<div class=\"elementor-element elementor-element-72d8c4c e-con-full e-flex e-con e-child\" data-id=\"72d8c4c\" data-element_type=\"container\" data-e-type=\"container\">\n\t\t\t\t<div class=\"elementor-element elementor-element-e08253e elementor-widget elementor-widget-text-editor\" data-id=\"e08253e\" data-element_type=\"widget\" data-e-type=\"widget\" data-widget_type=\"text-editor.default\">\n\t\t\t\t<div class=\"elementor-widget-container\">\n\t\t\t\t\t\t\t\t\t<p><strong>\u00bfC\u00f3mo mantienen las marcas la orientaci\u00f3n correcta? <\/strong><\/p>\t\t\t\t\t\t\t\t<\/div>\n\t\t\t\t<\/div>\n\t\t\t\t<div class=\"elementor-element elementor-element-c9eaec5 elementor-widget elementor-widget-text-editor\" data-id=\"c9eaec5\" data-element_type=\"widget\" data-e-type=\"widget\" data-widget_type=\"text-editor.default\">\n\t\t\t\t<div class=\"elementor-widget-container\">\n\t\t\t\t\t\t\t\t\t<p>Todos conocemos la importancia de una identidad clara y coherente. Sin embargo, corroborar una promesa exige m\u00e1s que los colores y las tipograf\u00edas oficiales. Con nuestro servicio <a title=\"Service Package - your etiquette guide for effective brand expression\" href=\"https:\/\/crescendobrands.com\/wp-content\/uploads\/2026\/04\/Crescendo-Brands-Service-\u2013-Personality-Playbook.pdf\" target=\"_blank\" rel=\"noopener\">Personality Playbook<\/a> ayudamos a alinear las palabras y acciones de las marcas con la imagen que desean proyectar. Es como un manual de etiqueta para una manifestaci\u00f3n \u00f3ptima.<\/p><p>Las marcas tienen una personalidad compuesta de sus valores, su visi\u00f3n y su cultura. Interpretamos todo para visualizar los rasgos que influyen a la verdadera voz de la marca y definir los mensajes clave para cada p\u00fablico objetivo.<\/p>\t\t\t\t\t\t\t\t<\/div>\n\t\t\t\t<\/div>\n\t\t\t\t<\/div>\n\t\t\t\t<\/div>\n\t\t\t\t\t<\/div>\n\t\t\t\t<\/div>\n\t\t\t\t<\/div>","protected":false},"excerpt":{"rendered":"<p>Communication, identity and product optimisation services for better brand expression. Solutions that streamline performance and strengthen presence.<\/p>","protected":false},"author":1,"featured_media":14843,"parent":13188,"menu_order":0,"comment_status":"closed","ping_status":"closed","template":"","meta":{"om_disable_all_campaigns":false,"footnotes":""},"class_list":["post-13629","page","type-page","status-publish","has-post-thumbnail","hentry"],"aioseo_notices":[],"_links":{"self":[{"href":"https:\/\/crescendobrands.com\/es\/wp-json\/wp\/v2\/pages\/13629","targetHints":{"allow":["GET"]}}],"collection":[{"href":"https:\/\/crescendobrands.com\/es\/wp-json\/wp\/v2\/pages"}],"about":[{"href":"https:\/\/crescendobrands.com\/es\/wp-json\/wp\/v2\/types\/page"}],"author":[{"embeddable":true,"href":"https:\/\/crescendobrands.com\/es\/wp-json\/wp\/v2\/users\/1"}],"replies":[{"embeddable":true,"href":"https:\/\/crescendobrands.com\/es\/wp-json\/wp\/v2\/comments?post=13629"}],"version-history":[{"count":449,"href":"https:\/\/crescendobrands.com\/es\/wp-json\/wp\/v2\/pages\/13629\/revisions"}],"predecessor-version":[{"id":16319,"href":"https:\/\/crescendobrands.com\/es\/wp-json\/wp\/v2\/pages\/13629\/revisions\/16319"}],"up":[{"embeddable":true,"href":"https:\/\/crescendobrands.com\/es\/wp-json\/wp\/v2\/pages\/13188"}],"wp:featuredmedia":[{"embeddable":true,"href":"https:\/\/crescendobrands.com\/es\/wp-json\/wp\/v2\/media\/14843"}],"wp:attachment":[{"href":"https:\/\/crescendobrands.com\/es\/wp-json\/wp\/v2\/media?parent=13629"}],"curies":[{"name":"wp","href":"https:\/\/api.w.org\/{rel}","templated":true}]}}