{"id":13459,"date":"2024-03-01T09:07:54","date_gmt":"2024-03-01T08:07:54","guid":{"rendered":"https:\/\/crescendobrands.com\/?page_id=13459"},"modified":"2026-03-28T22:25:12","modified_gmt":"2026-03-28T21:25:12","slug":"brand-innovation","status":"publish","type":"page","link":"https:\/\/crescendobrands.com\/es\/home\/brand-innovation\/","title":{"rendered":"Innovaci\u00f3n de la marca"},"content":{"rendered":"<div data-elementor-type=\"wp-page\" data-elementor-id=\"13459\" class=\"elementor elementor-13459\">\n\t\t\t\t<div class=\"elementor-element elementor-element-a13ba74 e-con-full e-flex e-con e-parent\" data-id=\"a13ba74\" data-element_type=\"container\" data-e-type=\"container\" data-settings=\"{&quot;background_background&quot;:&quot;classic&quot;}\">\n\t\t\t\t<div class=\"elementor-element elementor-element-c41e2d1 elementor-widget elementor-widget-text-editor\" data-id=\"c41e2d1\" data-element_type=\"widget\" data-e-type=\"widget\" data-widget_type=\"text-editor.default\">\n\t\t\t\t<div class=\"elementor-widget-container\">\n\t\t\t\t\t\t\t\t\t<h1><span style=\"color: #ffffff;\">Innovaci\u00f3n de la marca<\/span><\/h1>\t\t\t\t\t\t\t\t<\/div>\n\t\t\t\t<\/div>\n\t\t\t\t<div class=\"elementor-element elementor-element-136b472 elementor-widget elementor-widget-text-editor\" data-id=\"136b472\" data-element_type=\"widget\" data-e-type=\"widget\" data-widget_type=\"text-editor.default\">\n\t\t\t\t<div class=\"elementor-widget-container\">\n\t\t\t\t\t\t\t\t\t<h3><span style=\"color: #ffffff;\">EXIGIR LA ATENCI\u00d3N<\/span><\/h3>\t\t\t\t\t\t\t\t<\/div>\n\t\t\t\t<\/div>\n\t\t\t\t<\/div>\n\t\t<div class=\"elementor-element elementor-element-c4b5acb e-flex e-con-boxed e-con e-parent\" data-id=\"c4b5acb\" data-element_type=\"container\" data-e-type=\"container\">\n\t\t\t\t\t<div class=\"e-con-inner\">\n\t\t\t\t\t<\/div>\n\t\t\t\t<\/div>\n\t\t<div class=\"elementor-element elementor-element-1a73631 e-flex e-con-boxed e-con e-parent\" data-id=\"1a73631\" data-element_type=\"container\" data-e-type=\"container\">\n\t\t\t\t\t<div class=\"e-con-inner\">\n\t\t<div class=\"elementor-element elementor-element-d22d053 e-con-full e-flex e-con e-child\" data-id=\"d22d053\" data-element_type=\"container\" data-e-type=\"container\">\n\t\t\t\t<div class=\"elementor-element elementor-element-6c8ac32 elementor-widget elementor-widget-text-editor\" data-id=\"6c8ac32\" data-element_type=\"widget\" data-e-type=\"widget\" data-widget_type=\"text-editor.default\">\n\t\t\t\t<div class=\"elementor-widget-container\">\n\t\t\t\t\t\t\t\t\t<p>Ayudamos a las marcas a utilizar la innovaci\u00f3n para captar la atenci\u00f3n y profundizar la afinidad.<\/p>\t\t\t\t\t\t\t\t<\/div>\n\t\t\t\t<\/div>\n\t\t\t\t<div class=\"elementor-element elementor-element-66986ca elementor-widget elementor-widget-heading\" data-id=\"66986ca\" data-element_type=\"widget\" data-e-type=\"widget\" data-widget_type=\"heading.default\">\n\t\t\t\t<div class=\"elementor-widget-container\">\n\t\t\t\t\t<h2 class=\"elementor-heading-title elementor-size-default\">Innovaci\u00f3n\nm\u00e1s astuta<\/h2>\t\t\t\t<\/div>\n\t\t\t\t<\/div>\n\t\t\t\t<div class=\"elementor-element elementor-element-bedd21b elementor-widget elementor-widget-text-editor\" data-id=\"bedd21b\" data-element_type=\"widget\" data-e-type=\"widget\" data-widget_type=\"text-editor.default\">\n\t\t\t\t<div class=\"elementor-widget-container\">\n\t\t\t\t\t\t\t\t\t<p>El mercado moderno ofrece a las marcas enormes oportunidades para destacarse...y enormes riesgos de pasar desapercibidas. La innovaci\u00f3n es esencial, pero pocos la realizan con el ritmo, la intensidad o la relacionabilidad adecuados.<\/p><p>Para una innovaci\u00f3n eficaz es fundamental el impulso sostenido: que las marcas hagan lo justo para mostrar su vitalidad y pertinencia.<\/p><p>No importa su magnitud tanto como su frecuencia, variedad y relevancia. Para los clientes m\u00e1s influyentes, los momentos resonantes valen m\u00e1s que las acciones realizadas a gran escala.<\/p><p>Ayudamos a las marcas a alcanzar su punto ideal de innovaci\u00f3n con estrategias, planes y campa\u00f1as dise\u00f1adas para elevarlas por encima del ruido. La innovaci\u00f3n de marca superior se sirve en porciones peque\u00f1as y sabrosas y tiene un repertorio compuesto de elementos de la iteraci\u00f3n, la extensi\u00f3n y la colaboraci\u00f3n.<\/p><p>Nuestro servicio\u00a0<a title=\"Service Package - smart pathways to meaning and momentum\" href=\"https:\/\/crescendobrands.com\/wp-content\/uploads\/2026\/02\/Crescendo-Brands-Service-\u2013-Innovation-Vision.pdf\" target=\"_blank\" rel=\"noopener\">Innovation Vision<\/a>\u00a0incorpora las mejores pr\u00e1cticas y una visi\u00f3n de 360\u00ba para trazar nuevas v\u00edas productivas para las marcas. Eche <a title=\"Service Package - Innovation Vision\" href=\"https:\/\/crescendobrands.com\/wp-content\/uploads\/2026\/02\/Crescendo-Brands-Service-\u2013-Innovation-Vision.pdf\" target=\"_blank\" rel=\"noopener\">un vistazo<\/a> m\u00e1s de cerca al servicio de innovaci\u00f3n creativa mejor informado del mercado.<\/p>\t\t\t\t\t\t\t\t<\/div>\n\t\t\t\t<\/div>\n\t\t\t\t<\/div>\n\t\t<div class=\"elementor-element elementor-element-3e13ec2 e-con-full e-flex e-con e-child\" data-id=\"3e13ec2\" data-element_type=\"container\" data-e-type=\"container\">\n\t\t\t\t<div class=\"elementor-element elementor-element-e401e91 elementor-widget__width-initial elementor-arrows-position-inside elementor-widget elementor-widget-image-carousel\" data-id=\"e401e91\" data-element_type=\"widget\" data-e-type=\"widget\" data-settings=\"{&quot;slides_to_show&quot;:&quot;1&quot;,&quot;navigation&quot;:&quot;arrows&quot;,&quot;autoplay&quot;:&quot;yes&quot;,&quot;pause_on_hover&quot;:&quot;yes&quot;,&quot;pause_on_interaction&quot;:&quot;yes&quot;,&quot;autoplay_speed&quot;:5000,&quot;infinite&quot;:&quot;yes&quot;,&quot;effect&quot;:&quot;slide&quot;,&quot;speed&quot;:500}\" data-widget_type=\"image-carousel.default\">\n\t\t\t\t<div class=\"elementor-widget-container\">\n\t\t\t\t\t\t\t<div class=\"elementor-image-carousel-wrapper swiper\" role=\"region\" aria-roledescription=\"carousel\" aria-label=\"Image Carousel\" dir=\"ltr\">\n\t\t\t<div class=\"elementor-image-carousel swiper-wrapper swiper-image-stretch\" aria-live=\"off\">\n\t\t\t\t\t\t\t\t<div class=\"swiper-slide\" role=\"group\" aria-roledescription=\"slide\" aria-label=\"1 de 5\" data-no-translation-aria-label=\"\"><figure class=\"swiper-slide-inner\"><img decoding=\"async\" class=\"swiper-slide-image\" src=\"https:\/\/crescendobrands.com\/wp-content\/uploads\/2024\/03\/slide_innovation_1.jpeg\" alt=\"Brand innovation by Crescendo Brands\" \/><\/figure><\/div><div class=\"swiper-slide\" role=\"group\" aria-roledescription=\"slide\" aria-label=\"2 de 5\" data-no-translation-aria-label=\"\"><figure class=\"swiper-slide-inner\"><img decoding=\"async\" class=\"swiper-slide-image\" src=\"https:\/\/crescendobrands.com\/wp-content\/uploads\/2024\/03\/slide_innovation_2.jpeg\" alt=\"Brand innovation by Crescendo Brands\" \/><\/figure><\/div><div class=\"swiper-slide\" role=\"group\" aria-roledescription=\"slide\" aria-label=\"3 de 5\" data-no-translation-aria-label=\"\"><figure class=\"swiper-slide-inner\"><img decoding=\"async\" class=\"swiper-slide-image\" src=\"https:\/\/crescendobrands.com\/wp-content\/uploads\/2024\/03\/slide_innovation_3.jpeg\" alt=\"Brand innovation by Crescendo Brands\" \/><\/figure><\/div><div class=\"swiper-slide\" role=\"group\" aria-roledescription=\"slide\" aria-label=\"4 de 5\" data-no-translation-aria-label=\"\"><figure class=\"swiper-slide-inner\"><img decoding=\"async\" class=\"swiper-slide-image\" src=\"https:\/\/crescendobrands.com\/wp-content\/uploads\/2024\/03\/slide_innovation_4.jpeg\" alt=\"Brand innovation by Crescendo Brands\" \/><\/figure><\/div><div class=\"swiper-slide\" role=\"group\" aria-roledescription=\"slide\" aria-label=\"5 de 5\" data-no-translation-aria-label=\"\"><figure class=\"swiper-slide-inner\"><img decoding=\"async\" class=\"swiper-slide-image\" src=\"https:\/\/crescendobrands.com\/wp-content\/uploads\/2024\/03\/slide_innovation_5.jpeg\" alt=\"Brand innovation by Crescendo Brands\" \/><\/figure><\/div>\t\t\t<\/div>\n\t\t\t\t\t\t\t\t\t\t\t\t<div class=\"elementor-swiper-button elementor-swiper-button-prev\" role=\"button\" tabindex=\"0\">\n\t\t\t\t\t\t<svg aria-hidden=\"true\" class=\"e-font-icon-svg e-eicon-chevron-left\" viewbox=\"0 0 1000 1000\" xmlns=\"http:\/\/www.w3.org\/2000\/svg\"><path d=\"M646 125C629 125 613 133 604 142L308 442C296 454 292 471 292 487 292 504 296 521 308 533L604 854C617 867 629 875 646 875 663 875 679 871 692 858 704 846 713 829 713 812 713 796 708 779 692 767L438 487 692 225C700 217 708 204 708 187 708 171 704 154 692 142 675 129 663 125 646 125Z\"><\/path><\/svg>\t\t\t\t\t<\/div>\n\t\t\t\t\t<div class=\"elementor-swiper-button elementor-swiper-button-next\" role=\"button\" tabindex=\"0\">\n\t\t\t\t\t\t<svg aria-hidden=\"true\" class=\"e-font-icon-svg e-eicon-chevron-right\" viewbox=\"0 0 1000 1000\" xmlns=\"http:\/\/www.w3.org\/2000\/svg\"><path d=\"M696 533C708 521 713 504 713 487 713 471 708 454 696 446L400 146C388 133 375 125 354 125 338 125 325 129 313 142 300 154 292 171 292 187 292 204 296 221 308 233L563 492 304 771C292 783 288 800 288 817 288 833 296 850 308 863 321 871 338 875 354 875 371 875 388 867 400 854L696 533Z\"><\/path><\/svg>\t\t\t\t\t<\/div>\n\t\t\t\t\n\t\t\t\t\t\t\t\t\t<\/div>\n\t\t\t\t\t\t<\/div>\n\t\t\t\t<\/div>\n\t\t\t\t<\/div>\n\t\t\t\t\t<\/div>\n\t\t\t\t<\/div>\n\t\t<div class=\"elementor-element elementor-element-fa134d6 e-flex e-con-boxed e-con e-parent\" data-id=\"fa134d6\" data-element_type=\"container\" data-e-type=\"container\">\n\t\t\t\t\t<div class=\"e-con-inner\">\n\t\t\t\t\t<\/div>\n\t\t\t\t<\/div>\n\t\t<div class=\"elementor-element elementor-element-eb4d67f e-flex e-con-boxed e-con e-parent\" data-id=\"eb4d67f\" data-element_type=\"container\" data-e-type=\"container\" data-settings=\"{&quot;background_background&quot;:&quot;classic&quot;}\">\n\t\t\t\t\t<div class=\"e-con-inner\">\n\t\t\t\t<div class=\"elementor-element elementor-element-f6b4e59 elementor-widget elementor-widget-text-editor\" data-id=\"f6b4e59\" data-element_type=\"widget\" data-e-type=\"widget\" data-widget_type=\"text-editor.default\">\n\t\t\t\t<div class=\"elementor-widget-container\">\n\t\t\t\t\t\t\t\t\t<h5><span style=\"color: #ffffff;\">Innovadores potentes incorporan ideas que se inclinan a su p\u00fablico y sus intereses, valores y aspiraciones.<\/span><\/h5>\t\t\t\t\t\t\t\t<\/div>\n\t\t\t\t<\/div>\n\t\t\t\t\t<\/div>\n\t\t\t\t<\/div>\n\t\t<div class=\"elementor-element elementor-element-51d72f9 e-flex e-con-boxed e-con e-parent\" data-id=\"51d72f9\" data-element_type=\"container\" data-e-type=\"container\">\n\t\t\t\t\t<div class=\"e-con-inner\">\n\t\t\t\t\t<\/div>\n\t\t\t\t<\/div>\n\t\t<div class=\"elementor-element elementor-element-4c43740 e-flex e-con-boxed e-con e-parent\" data-id=\"4c43740\" data-element_type=\"container\" data-e-type=\"container\">\n\t\t\t\t\t<div class=\"e-con-inner\">\n\t\t<div class=\"elementor-element elementor-element-1cc969e e-con-full e-flex e-con e-child\" data-id=\"1cc969e\" data-element_type=\"container\" data-e-type=\"container\">\n\t\t\t\t<div class=\"elementor-element elementor-element-cd71808 elementor-widget elementor-widget-text-editor\" data-id=\"cd71808\" data-element_type=\"widget\" data-e-type=\"widget\" data-widget_type=\"text-editor.default\">\n\t\t\t\t<div class=\"elementor-widget-container\">\n\t\t\t\t\t\t\t\t\t<p>El explosivo crecimiento de la innovaci\u00f3n de marca ha expuesto un pilar fundamental de la matriz de branding moderna.<\/p>\t\t\t\t\t\t\t\t<\/div>\n\t\t\t\t<\/div>\n\t\t\t\t<div class=\"elementor-element elementor-element-97a5375 elementor-widget elementor-widget-heading\" data-id=\"97a5375\" data-element_type=\"widget\" data-e-type=\"widget\" data-widget_type=\"heading.default\">\n\t\t\t\t<div class=\"elementor-widget-container\">\n\t\t\t\t\t<h2 class=\"elementor-heading-title elementor-size-default\">Marcas<br>necesitan<br>amigos <\/h2>\t\t\t\t<\/div>\n\t\t\t\t<\/div>\n\t\t\t\t<div class=\"elementor-element elementor-element-84605ed elementor-widget elementor-widget-text-editor\" data-id=\"84605ed\" data-element_type=\"widget\" data-e-type=\"widget\" data-widget_type=\"text-editor.default\">\n\t\t\t\t<div class=\"elementor-widget-container\">\n\t\t\t\t\t\t\t\t\t<p>Las marcas son como los desconocidos: con qui\u00e9n se relacionan dice mucho de su car\u00e1cter. En mercados dominados por las redes sociales, cada vez m\u00e1s experimentamos las marcas a trav\u00e9s de los grupos y culturas que las rodean. Los consumidores miden las marcas tambi\u00e9n por la calidad de sus v\u00ednculos.<\/p><p>Los c\u00edrculos de amigos son el <em>Distinctive Brand Asset<\/em> del que todo el mundo habla, pero nadie menciona por su nombre. Lo sabemos porque llevamos a\u00f1os trabajando en primera l\u00ednea en el \u00e1mbito de la colaboraci\u00f3n y el co-branding.<\/p><p><a title=\"Campaign Connexions - for brands seeking friendship\" href=\"https:\/\/crescendobrands.com\/wp-content\/uploads\/2026\/02\/Crescendo-Brands-Campaign-Connexions-Brands.pdf\" target=\"_blank\" rel=\"noopener\">Nuestro servicio Campaign Connexions<\/a> facilita informaciones e introducciones que tienden puentes hacia el mundo de la colaboraci\u00f3n. Realizamos un seguimiento de casi 3.000 marcas m\u00e1s sociables del mundo para estar al d\u00eda con las pr\u00e1cticas y los protagonistas m\u00e1s importantes. Entre nuestros clientes se encuentran marcas, titulares de derechos y agencias.<\/p><p>Con datos, perspectivas e introducciones, Campaign Connexions arroja luz sobre el eslab\u00f3n perdido del branding. P\u00f3ngase <span style=\"color: #9a845e;\"><a style=\"color: #9a845e;\" title=\"CONTACTO\" href=\"https:\/\/crescendobrands.com\/es\/contact\/\">en contacto<\/a><\/span> con nosotros para obtener m\u00e1s informaci\u00f3n.<\/p>\t\t\t\t\t\t\t\t<\/div>\n\t\t\t\t<\/div>\n\t\t\t\t<\/div>\n\t\t<div class=\"elementor-element elementor-element-063b357 e-con-full e-flex e-con e-child\" data-id=\"063b357\" data-element_type=\"container\" data-e-type=\"container\">\n\t\t\t\t<\/div>\n\t\t<div class=\"elementor-element elementor-element-e83b00d e-con-full e-flex e-con e-child\" data-id=\"e83b00d\" data-element_type=\"container\" data-e-type=\"container\">\n\t\t\t\t<div class=\"elementor-element elementor-element-9fd3065 elementor-widget elementor-widget-image\" data-id=\"9fd3065\" data-element_type=\"widget\" data-e-type=\"widget\" data-widget_type=\"image.default\">\n\t\t\t\t<div class=\"elementor-widget-container\">\n\t\t\t\t\t\t\t\t\t\t\t\t\t\t\t<img fetchpriority=\"high\" decoding=\"async\" width=\"500\" height=\"400\" src=\"https:\/\/crescendobrands.com\/wp-content\/uploads\/2026\/03\/Friends-Brands-Choose.png\" class=\"attachment-large size-large wp-image-16077\" alt=\"Charismatic brands build and maintain circles of friends\" srcset=\"https:\/\/crescendobrands.com\/wp-content\/uploads\/2026\/03\/Friends-Brands-Choose.png 500w, https:\/\/crescendobrands.com\/wp-content\/uploads\/2026\/03\/Friends-Brands-Choose-300x240.png 300w, https:\/\/crescendobrands.com\/wp-content\/uploads\/2026\/03\/Friends-Brands-Choose-15x12.png 15w\" sizes=\"(max-width: 500px) 100vw, 500px\" \/>\t\t\t\t\t\t\t\t\t\t\t\t\t\t\t<\/div>\n\t\t\t\t<\/div>\n\t\t\t\t<\/div>\n\t\t\t\t\t<\/div>\n\t\t\t\t<\/div>\n\t\t<div class=\"elementor-element elementor-element-d2b14b7 e-flex e-con-boxed e-con e-parent\" data-id=\"d2b14b7\" data-element_type=\"container\" data-e-type=\"container\">\n\t\t\t\t\t<div class=\"e-con-inner\">\n\t\t\t\t<div class=\"elementor-element elementor-element-fffc4e8 elementor-widget-divider--view-line elementor-widget elementor-widget-divider\" data-id=\"fffc4e8\" data-element_type=\"widget\" data-e-type=\"widget\" data-widget_type=\"divider.default\">\n\t\t\t\t<div class=\"elementor-widget-container\">\n\t\t\t\t\t\t\t<div class=\"elementor-divider\">\n\t\t\t<span class=\"elementor-divider-separator\">\n\t\t\t\t\t\t<\/span>\n\t\t<\/div>\n\t\t\t\t\t\t<\/div>\n\t\t\t\t<\/div>\n\t\t\t\t\t<\/div>\n\t\t\t\t<\/div>\n\t\t<div class=\"elementor-element elementor-element-8289cd2 e-flex e-con-boxed e-con e-parent\" data-id=\"8289cd2\" data-element_type=\"container\" data-e-type=\"container\">\n\t\t\t\t\t<div class=\"e-con-inner\">\n\t\t<div class=\"elementor-element elementor-element-02fedf4 e-con-full e-flex e-con e-child\" data-id=\"02fedf4\" data-element_type=\"container\" data-e-type=\"container\">\n\t\t\t\t<div class=\"elementor-element elementor-element-97d9b20 eael-flipbox-content-align-center eael-flipbox-img-default elementor-widget elementor-widget-eael-flip-box\" data-id=\"97d9b20\" data-element_type=\"widget\" data-e-type=\"widget\" data-widget_type=\"eael-flip-box.default\">\n\t\t\t\t<div class=\"elementor-widget-container\">\n\t\t\t\t\t        <div class=\"eael-elements-flip-box-container eael-animate-flip eael-animate-left eael-content eael-flip-box-hover eael-flipbox-fixed-height eael-flipbox-dynamic\">\n\n            <a class=\"eael-elements-flip-box-flip-card\" href=\"https:\/\/crescendobrands.com\/wp-content\/uploads\/2026\/02\/Crescendo-Brands-Service-\u2013-Innovation-Vision.pdf\" target=\"_blank\">\n                <div class=\"eael-elements-flip-box-front-container\">\n                    \n                    \n                        <div class=\"eael-elements-slider-display-table\">\n                            <div class=\"eael-elements-flip-box-vertical-align\">\n                                <div class=\"eael-elements-flip-box-padding\">\n                                    <div class=\"eael-elements-flip-box-icon-image\">\n                                                                                    <img decoding=\"async\" class=\"eael-flipbox-image-as-icon\" src=\"\" alt=\"\">\n                                                                            <\/div>\n                                    <h5 class=\"eael-elements-flip-box-heading\">INNOVATION VISION<\/h5>                                    <div class=\"eael-elements-flip-box-content\">\n\t                                    <p>~ SERVICE PACKAGE ~<\/p>                                    <\/div>\n                                <\/div>\n                            <\/div>\n                        <\/div>\n                                    <\/div>\n\n                <div class=\"eael-elements-flip-box-rear-container\">\n                                                                <div class=\"eael-elements-slider-display-table\">\n                            <div class=\"eael-elements-flip-box-vertical-align\">\n                                <div class=\"eael-elements-flip-box-padding\">\n                                                                            <div class=\"eael-elements-flip-box-icon-image\">\n                                                                                            <img decoding=\"async\" class=\"eael-flipbox-image-as-icon\" src=\"https:\/\/crescendobrands.com\/wp-content\/uploads\/2025\/10\/icon_download_1.png\" alt=\"Download icon\">\n                                                                                    <\/div>\n                                                                                                            <div class=\"eael-elements-flip-box-content\">\n                                                                            <\/div>\n\n                                                                    <\/div>\n                            <\/div>\n                        <\/div>\n                                    <\/div>\n            <\/a>\n        <\/div>\n        \t\t\t\t<\/div>\n\t\t\t\t<\/div>\n\t\t\t\t<\/div>\n\t\t<div class=\"elementor-element elementor-element-f73868d e-con-full e-flex e-con e-child\" data-id=\"f73868d\" data-element_type=\"container\" data-e-type=\"container\">\n\t\t\t\t<div class=\"elementor-element elementor-element-1af1543 elementor-widget elementor-widget-text-editor\" data-id=\"1af1543\" data-element_type=\"widget\" data-e-type=\"widget\" data-widget_type=\"text-editor.default\">\n\t\t\t\t<div class=\"elementor-widget-container\">\n\t\t\t\t\t\t\t\t\t<p><strong>\u00bfCu\u00e1nto deber\u00eda pesar la innovaci\u00f3n? <\/strong><\/p>\t\t\t\t\t\t\t\t<\/div>\n\t\t\t\t<\/div>\n\t\t\t\t<div class=\"elementor-element elementor-element-78d9d45 elementor-widget elementor-widget-text-editor\" data-id=\"78d9d45\" data-element_type=\"widget\" data-e-type=\"widget\" data-widget_type=\"text-editor.default\">\n\t\t\t\t<div class=\"elementor-widget-container\">\n\t\t\t\t\t\t\t\t\t<p>Aunque la pregunta parece extra\u00f1a, muchos pretenden saber la respuesta. La innovaci\u00f3n \u00f3ptima causa que las marcas parezcan vivas y relevantes. Con nuestro producto <a title=\"Service Package - smart pathways to meaning and momentum\" href=\"https:\/\/crescendobrands.com\/wp-content\/uploads\/2026\/02\/Crescendo-Brands-Service-\u2013-Innovation-Vision.pdf\" target=\"_blank\" rel=\"noopener\">Innovation Vision<\/a> ayudamos a las marcas a ajustar la intensidad de su se\u00f1al. Se enfoca en la frecuencia y el objetivo de las iniciativas nuevas, y en una variedad de acciones a trav\u00e9s del abanico de la innovaci\u00f3n moderna.<\/p><p>Las ideas nuevas tienen vidas cortas. Por eso damos prioridad a las medidas incrementales que proyectan las marcas como parte de algo m\u00e1s grande. Planificamos secuencias de ideas asequibles y orientadas a la percepci\u00f3n y diferenciaci\u00f3n.<\/p>\t\t\t\t\t\t\t\t<\/div>\n\t\t\t\t<\/div>\n\t\t\t\t<\/div>\n\t\t\t\t\t<\/div>\n\t\t\t\t<\/div>\n\t\t<div class=\"elementor-element elementor-element-8c5f337 e-flex e-con-boxed e-con e-parent\" data-id=\"8c5f337\" data-element_type=\"container\" data-e-type=\"container\">\n\t\t\t\t\t<div class=\"e-con-inner\">\n\t\t\t\t\t<\/div>\n\t\t\t\t<\/div>\n\t\t\t\t<\/div>","protected":false},"excerpt":{"rendered":"<p>Brand innovation creates attention and invites deeper connections. We design iterations, collaborations and extensions to keep brands vital and relevant.<\/p>","protected":false},"author":1,"featured_media":14842,"parent":13188,"menu_order":0,"comment_status":"closed","ping_status":"closed","template":"","meta":{"om_disable_all_campaigns":false,"footnotes":""},"class_list":["post-13459","page","type-page","status-publish","has-post-thumbnail","hentry"],"aioseo_notices":[],"_links":{"self":[{"href":"https:\/\/crescendobrands.com\/es\/wp-json\/wp\/v2\/pages\/13459","targetHints":{"allow":["GET"]}}],"collection":[{"href":"https:\/\/crescendobrands.com\/es\/wp-json\/wp\/v2\/pages"}],"about":[{"href":"https:\/\/crescendobrands.com\/es\/wp-json\/wp\/v2\/types\/page"}],"author":[{"embeddable":true,"href":"https:\/\/crescendobrands.com\/es\/wp-json\/wp\/v2\/users\/1"}],"replies":[{"embeddable":true,"href":"https:\/\/crescendobrands.com\/es\/wp-json\/wp\/v2\/comments?post=13459"}],"version-history":[{"count":477,"href":"https:\/\/crescendobrands.com\/es\/wp-json\/wp\/v2\/pages\/13459\/revisions"}],"predecessor-version":[{"id":16192,"href":"https:\/\/crescendobrands.com\/es\/wp-json\/wp\/v2\/pages\/13459\/revisions\/16192"}],"up":[{"embeddable":true,"href":"https:\/\/crescendobrands.com\/es\/wp-json\/wp\/v2\/pages\/13188"}],"wp:featuredmedia":[{"embeddable":true,"href":"https:\/\/crescendobrands.com\/es\/wp-json\/wp\/v2\/media\/14842"}],"wp:attachment":[{"href":"https:\/\/crescendobrands.com\/es\/wp-json\/wp\/v2\/media?parent=13459"}],"curies":[{"name":"wp","href":"https:\/\/api.w.org\/{rel}","templated":true}]}}