{"id":13188,"date":"2024-02-22T10:32:29","date_gmt":"2024-02-22T09:32:29","guid":{"rendered":"https:\/\/crescendobrands.com\/?page_id=13188"},"modified":"2026-03-28T15:11:18","modified_gmt":"2026-03-28T14:11:18","slug":"home","status":"publish","type":"page","link":"https:\/\/crescendobrands.com\/es\/","title":{"rendered":"Crescendo Brands"},"content":{"rendered":"<div data-elementor-type=\"wp-page\" data-elementor-id=\"13188\" class=\"elementor elementor-13188\">\n\t\t\t\t<div class=\"elementor-element elementor-element-a13ba74 e-con-full e-flex e-con e-parent\" data-id=\"a13ba74\" data-element_type=\"container\" data-e-type=\"container\" data-settings=\"{&quot;background_background&quot;:&quot;video&quot;,&quot;background_video_link&quot;:&quot;https:\\\/\\\/crescendobrands.com\\\/wp-content\\\/uploads\\\/2025\\\/03\\\/anima_inicio_v7.mp4&quot;,&quot;background_play_on_mobile&quot;:&quot;yes&quot;}\">\n\t\t<div class=\"elementor-background-video-container\">\n\t\t\t\t\t\t\t<video class=\"elementor-background-video-hosted\" role=\"presentation\" autoplay muted playsinline loop><\/video>\n\t\t\t\t\t<\/div>\t\t<div class=\"elementor-element elementor-element-c41e2d1 elementor-widget elementor-widget-text-editor\" data-id=\"c41e2d1\" data-element_type=\"widget\" data-e-type=\"widget\" data-widget_type=\"text-editor.default\">\n\t\t\t\t<div class=\"elementor-widget-container\">\n\t\t\t\t\t\t\t\t\t<h1><span style=\"color: #9a845e;\">Amplificaci\u00f3n de marca<\/span><\/h1>\t\t\t\t\t\t\t\t<\/div>\n\t\t\t\t<\/div>\n\t\t\t\t<div class=\"elementor-element elementor-element-136b472 elementor-widget elementor-widget-text-editor\" data-id=\"136b472\" data-element_type=\"widget\" data-e-type=\"widget\" data-widget_type=\"text-editor.default\">\n\t\t\t\t<div class=\"elementor-widget-container\">\n\t\t\t\t\t\t\t\t\t<h3><span style=\"color: #9a845e;\">TRASCENDER EL RUIDO<\/span><\/h3>\t\t\t\t\t\t\t\t<\/div>\n\t\t\t\t<\/div>\n\t\t\t\t<\/div>\n\t\t<div class=\"elementor-element elementor-element-c4b5acb e-flex e-con-boxed e-con e-parent\" data-id=\"c4b5acb\" data-element_type=\"container\" data-e-type=\"container\">\n\t\t\t\t\t<div class=\"e-con-inner\">\n\t\t\t\t\t<\/div>\n\t\t\t\t<\/div>\n\t\t<div class=\"elementor-element elementor-element-c02c00b e-flex e-con-boxed e-con e-parent\" data-id=\"c02c00b\" data-element_type=\"container\" data-e-type=\"container\">\n\t\t\t\t\t<div class=\"e-con-inner\">\n\t\t<div class=\"elementor-element elementor-element-e848504 e-con-full e-flex e-con e-child\" data-id=\"e848504\" data-element_type=\"container\" data-e-type=\"container\">\n\t\t\t\t<div class=\"elementor-element elementor-element-bca1965 elementor-absolute elementor-widget__width-inherit elementor-widget-mobile__width-inherit elementor-widget elementor-widget-text-editor\" data-id=\"bca1965\" data-element_type=\"widget\" data-e-type=\"widget\" data-settings=\"{&quot;_position&quot;:&quot;absolute&quot;}\" data-widget_type=\"text-editor.default\">\n\t\t\t\t<div class=\"elementor-widget-container\">\n\t\t\t\t\t\t\t\t\t<h2><span style=\"color: #ffffff;\"><a style=\"color: #ffffff;\" title=\"BRAND EXPRESSION\" href=\"https:\/\/crescendobrands.com\/es\/brand-expression\/\">Expresi\u00f3n<\/a><\/span><\/h2>\t\t\t\t\t\t\t\t<\/div>\n\t\t\t\t<\/div>\n\t\t\t\t<div class=\"elementor-element elementor-element-f5234de elementor-position-top elementor-widget elementor-widget-image-box\" data-id=\"f5234de\" data-element_type=\"widget\" data-e-type=\"widget\" data-widget_type=\"image-box.default\">\n\t\t\t\t<div class=\"elementor-widget-container\">\n\t\t\t\t\t<div class=\"elementor-image-box-wrapper\"><figure class=\"elementor-image-box-img\"><a href=\"https:\/\/crescendobrands.com\/es\/brand-expression\/\" tabindex=\"-1\"><img fetchpriority=\"high\" decoding=\"async\" width=\"1536\" height=\"1023\" src=\"https:\/\/crescendobrands.com\/wp-content\/uploads\/2024\/03\/Brand-Expression-Button.webp\" class=\"attachment-full size-full wp-image-14843\" alt=\"Brand Expression services by Crescendo Brands\" srcset=\"https:\/\/crescendobrands.com\/wp-content\/uploads\/2024\/03\/Brand-Expression-Button.webp 1536w, https:\/\/crescendobrands.com\/wp-content\/uploads\/2024\/03\/Brand-Expression-Button-300x200.webp 300w, https:\/\/crescendobrands.com\/wp-content\/uploads\/2024\/03\/Brand-Expression-Button-1024x682.webp 1024w, https:\/\/crescendobrands.com\/wp-content\/uploads\/2024\/03\/Brand-Expression-Button-768x512.webp 768w, https:\/\/crescendobrands.com\/wp-content\/uploads\/2024\/03\/Brand-Expression-Button-18x12.webp 18w\" sizes=\"(max-width: 1536px) 100vw, 1536px\" \/><\/a><\/figure><\/div>\t\t\t\t<\/div>\n\t\t\t\t<\/div>\n\t\t\t\t<div class=\"elementor-element elementor-element-2e93808 elementor-widget elementor-widget-text-editor\" data-id=\"2e93808\" data-element_type=\"widget\" data-e-type=\"widget\" data-widget_type=\"text-editor.default\">\n\t\t\t\t<div class=\"elementor-widget-container\">\n\t\t\t\t\t\t\t\t\t<p>Logrando simetr\u00eda entre imagen, mensaje y los productos para mostrar lo mejor de la marca.<\/p>\t\t\t\t\t\t\t\t<\/div>\n\t\t\t\t<\/div>\n\t\t\t\t<\/div>\n\t\t<div class=\"elementor-element elementor-element-bc0e3ca e-con-full e-flex e-con e-child\" data-id=\"bc0e3ca\" data-element_type=\"container\" data-e-type=\"container\">\n\t\t\t\t<div class=\"elementor-element elementor-element-c97c324 elementor-absolute elementor-widget__width-inherit elementor-widget-mobile__width-inherit elementor-widget elementor-widget-text-editor\" data-id=\"c97c324\" data-element_type=\"widget\" data-e-type=\"widget\" data-settings=\"{&quot;_position&quot;:&quot;absolute&quot;}\" data-widget_type=\"text-editor.default\">\n\t\t\t\t<div class=\"elementor-widget-container\">\n\t\t\t\t\t\t\t\t\t<h2><span style=\"color: #ffffff;\"><a style=\"color: #ffffff;\" title=\"BRAND INNOVATION\" href=\"https:\/\/crescendobrands.com\/es\/brand-innovation\/\">Innovaci\u00f3n<\/a><\/span><\/h2>\t\t\t\t\t\t\t\t<\/div>\n\t\t\t\t<\/div>\n\t\t\t\t<div class=\"elementor-element elementor-element-f7862a4 elementor-position-top elementor-widget elementor-widget-image-box\" data-id=\"f7862a4\" data-element_type=\"widget\" data-e-type=\"widget\" data-widget_type=\"image-box.default\">\n\t\t\t\t<div class=\"elementor-widget-container\">\n\t\t\t\t\t<div class=\"elementor-image-box-wrapper\"><figure class=\"elementor-image-box-img\"><a href=\"https:\/\/crescendobrands.com\/es\/brand-innovation\/\" tabindex=\"-1\"><img decoding=\"async\" width=\"1536\" height=\"1023\" src=\"https:\/\/crescendobrands.com\/wp-content\/uploads\/2024\/03\/Brand-Innovation-Button.webp\" class=\"attachment-full size-full wp-image-14842\" alt=\"Brand innovation services by Crescendo Brands\" srcset=\"https:\/\/crescendobrands.com\/wp-content\/uploads\/2024\/03\/Brand-Innovation-Button.webp 1536w, https:\/\/crescendobrands.com\/wp-content\/uploads\/2024\/03\/Brand-Innovation-Button-300x200.webp 300w, https:\/\/crescendobrands.com\/wp-content\/uploads\/2024\/03\/Brand-Innovation-Button-1024x682.webp 1024w, https:\/\/crescendobrands.com\/wp-content\/uploads\/2024\/03\/Brand-Innovation-Button-768x512.webp 768w, https:\/\/crescendobrands.com\/wp-content\/uploads\/2024\/03\/Brand-Innovation-Button-18x12.webp 18w\" sizes=\"(max-width: 1536px) 100vw, 1536px\" \/><\/a><\/figure><\/div>\t\t\t\t<\/div>\n\t\t\t\t<\/div>\n\t\t\t\t<div class=\"elementor-element elementor-element-b90a04f elementor-widget elementor-widget-text-editor\" data-id=\"b90a04f\" data-element_type=\"widget\" data-e-type=\"widget\" data-widget_type=\"text-editor.default\">\n\t\t\t\t<div class=\"elementor-widget-container\">\n\t\t\t\t\t\t\t\t\t<p>Iniciativas que fomentan conocimiento y afinidad: iteraciones, colaboraciones y extensiones.<\/p>\t\t\t\t\t\t\t\t<\/div>\n\t\t\t\t<\/div>\n\t\t\t\t<\/div>\n\t\t<div class=\"elementor-element elementor-element-a52e0f3 e-con-full e-flex e-con e-child\" data-id=\"a52e0f3\" data-element_type=\"container\" data-e-type=\"container\">\n\t\t\t\t<div class=\"elementor-element elementor-element-c021e40 elementor-position-top elementor-widget elementor-widget-image-box\" data-id=\"c021e40\" data-element_type=\"widget\" data-e-type=\"widget\" data-widget_type=\"image-box.default\">\n\t\t\t\t<div class=\"elementor-widget-container\">\n\t\t\t\t\t<div class=\"elementor-image-box-wrapper\"><figure class=\"elementor-image-box-img\"><a href=\"https:\/\/crescendobrands.com\/es\/communication\/\" tabindex=\"-1\"><img decoding=\"async\" width=\"1733\" height=\"1155\" src=\"https:\/\/crescendobrands.com\/wp-content\/uploads\/2025\/03\/imag_home_communication_08.jpg\" class=\"attachment-full size-full wp-image-15411\" alt=\"Brand communication and copywriting solutions\" srcset=\"https:\/\/crescendobrands.com\/wp-content\/uploads\/2025\/03\/imag_home_communication_08.jpg 1733w, https:\/\/crescendobrands.com\/wp-content\/uploads\/2025\/03\/imag_home_communication_08-300x200.jpg 300w, https:\/\/crescendobrands.com\/wp-content\/uploads\/2025\/03\/imag_home_communication_08-1024x682.jpg 1024w, https:\/\/crescendobrands.com\/wp-content\/uploads\/2025\/03\/imag_home_communication_08-768x512.jpg 768w, https:\/\/crescendobrands.com\/wp-content\/uploads\/2025\/03\/imag_home_communication_08-1536x1024.jpg 1536w, https:\/\/crescendobrands.com\/wp-content\/uploads\/2025\/03\/imag_home_communication_08-18x12.jpg 18w\" sizes=\"(max-width: 1733px) 100vw, 1733px\" \/><\/a><\/figure><\/div>\t\t\t\t<\/div>\n\t\t\t\t<\/div>\n\t\t\t\t<div class=\"elementor-element elementor-element-e2fef02 elementor-widget elementor-widget-text-editor\" data-id=\"e2fef02\" data-element_type=\"widget\" data-e-type=\"widget\" data-widget_type=\"text-editor.default\">\n\t\t\t\t<div class=\"elementor-widget-container\">\n\t\t\t\t\t\t\t\t\t<p>Identidad verbal, dise\u00f1o de comunicaci\u00f3n e ingl\u00e9s de alto grado para las marcas internacionales.<\/p>\t\t\t\t\t\t\t\t<\/div>\n\t\t\t\t<\/div>\n\t\t\t\t<div class=\"elementor-element elementor-element-04cc292 elementor-absolute elementor-widget__width-inherit elementor-widget-mobile__width-inherit elementor-widget-tablet__width-inherit elementor-widget elementor-widget-text-editor\" data-id=\"04cc292\" data-element_type=\"widget\" data-e-type=\"widget\" data-settings=\"{&quot;_position&quot;:&quot;absolute&quot;}\" data-widget_type=\"text-editor.default\">\n\t\t\t\t<div class=\"elementor-widget-container\">\n\t\t\t\t\t\t\t\t\t<h2><span style=\"color: #ffffff;\"><a style=\"color: #ffffff;\" title=\"COMUNICACI\u00d3N\" href=\"https:\/\/crescendobrands.com\/es\/communication\/\">Comunicaci\u00f3n<\/a><\/span><\/h2>\t\t\t\t\t\t\t\t<\/div>\n\t\t\t\t<\/div>\n\t\t\t\t<\/div>\n\t\t\t\t\t<\/div>\n\t\t\t\t<\/div>\n\t\t<div class=\"elementor-element elementor-element-32f9fa2 e-flex e-con-boxed e-con e-parent\" data-id=\"32f9fa2\" data-element_type=\"container\" data-e-type=\"container\">\n\t\t\t\t\t<div class=\"e-con-inner\">\n\t\t\t\t\t<\/div>\n\t\t\t\t<\/div>\n\t\t<div class=\"elementor-element elementor-element-038116a e-flex e-con-boxed e-con e-parent\" data-id=\"038116a\" data-element_type=\"container\" data-e-type=\"container\">\n\t\t\t\t\t<div class=\"e-con-inner\">\n\t\t\t\t\t<\/div>\n\t\t\t\t<\/div>\n\t\t\t\t<\/div>","protected":false},"excerpt":{"rendered":"<p>Boutique brand agency. Experts in brand innovation: iteration, collaboration, extension. Verbal\/visual identity. Licensing agents for The Beatles in Spain.<\/p>","protected":false},"author":1,"featured_media":14825,"parent":0,"menu_order":0,"comment_status":"closed","ping_status":"closed","template":"","meta":{"om_disable_all_campaigns":false,"footnotes":""},"class_list":["post-13188","page","type-page","status-publish","has-post-thumbnail","hentry"],"aioseo_notices":[],"_links":{"self":[{"href":"https:\/\/crescendobrands.com\/es\/wp-json\/wp\/v2\/pages\/13188","targetHints":{"allow":["GET"]}}],"collection":[{"href":"https:\/\/crescendobrands.com\/es\/wp-json\/wp\/v2\/pages"}],"about":[{"href":"https:\/\/crescendobrands.com\/es\/wp-json\/wp\/v2\/types\/page"}],"author":[{"embeddable":true,"href":"https:\/\/crescendobrands.com\/es\/wp-json\/wp\/v2\/users\/1"}],"replies":[{"embeddable":true,"href":"https:\/\/crescendobrands.com\/es\/wp-json\/wp\/v2\/comments?post=13188"}],"version-history":[{"count":428,"href":"https:\/\/crescendobrands.com\/es\/wp-json\/wp\/v2\/pages\/13188\/revisions"}],"predecessor-version":[{"id":16145,"href":"https:\/\/crescendobrands.com\/es\/wp-json\/wp\/v2\/pages\/13188\/revisions\/16145"}],"wp:featuredmedia":[{"embeddable":true,"href":"https:\/\/crescendobrands.com\/es\/wp-json\/wp\/v2\/media\/14825"}],"wp:attachment":[{"href":"https:\/\/crescendobrands.com\/es\/wp-json\/wp\/v2\/media?parent=13188"}],"curies":[{"name":"wp","href":"https:\/\/api.w.org\/{rel}","templated":true}]}}